{"id":20551,"date":"2022-07-07T10:03:56","date_gmt":"2022-07-07T10:03:56","guid":{"rendered":"https:\/\/new.parrocchiascp.it\/?page_id=20551"},"modified":"2022-07-07T10:04:58","modified_gmt":"2022-07-07T10:04:58","slug":"cipriano-di-cartagine-e-le-sue-reliquie","status":"publish","type":"page","link":"https:\/\/parrocchiascp.it\/index.php\/cipriano-di-cartagine-e-le-sue-reliquie\/","title":{"rendered":"Cipriano di Cartagine e le sue Reliquie"},"content":{"rendered":"<p>[vc_row][vc_column][vc_column_text]<\/p>\n<blockquote class=\"wp-block-quote\">\n<div><strong>Etimologia:<\/strong>\u00a0Cipriano = nativo di Cipro, dal greco e latino<\/div>\n<p><strong>Emblema:<\/strong>\u00a0Bastone pastorale, Palma<\/p>\n<p><strong>Martirologio Romano:<\/strong>\u00a0Memoria dei santi martiri Cornelio, papa, e Cipriano, vescovo, dei quali il 14 settembre si ricordano la deposizione del primo e la passione del secondo, mentre oggi il mondo cristiano li loda con una sola voce come testimoni di amore per quella verit\u00e0 che non conosce cedimenti, da loro professata in tempi di persecuzione davanti alla Chiesa di Dio e al mondo.<\/p>\n<\/blockquote>\n<p><!-- \/wp:paragraph --><\/p>\n<div><img loading=\"lazy\" class=\"size-medium wp-image-20552 alignleft\" src=\"https:\/\/new.parrocchiascp.it\/wp-content\/uploads\/2022\/07\/cipriano-300x300-1-300x300.jpg\" alt=\"\" width=\"300\" height=\"300\" srcset=\"https:\/\/parrocchiascp.it\/wp-content\/uploads\/2022\/07\/cipriano-300x300-1.jpg 300w, https:\/\/parrocchiascp.it\/wp-content\/uploads\/2022\/07\/cipriano-300x300-1-150x150.jpg 150w, https:\/\/parrocchiascp.it\/wp-content\/uploads\/2022\/07\/cipriano-300x300-1-100x100.jpg 100w\" sizes=\"(max-width: 300px) 100vw, 300px\" \/>Di Cipriano giovane sappiamo che \u00e8 nato pagano a Cartagine intorno al 210. Battezzato verso il 245, nel 249 diventa vescovo di Cartagine. Nel 250 l\u2019imperatore Decio ordina che tutti i sudditi onorino le divinit\u00e0 pagane (offrendo sacrifici, o anche solo bruciando un po\u2019 d\u2019incenso) e ricevano cos\u00ec il libello, un attestato di patriottismo. Per chi rifiuta, carcere e tortura. O anche la morte: a Roma muore martire papa Fabiano. A Cartagine, Cipriano si nasconde, guidando i fedeli come pu\u00f2 dalla clandestinit\u00e0.<\/div>\n<div>Cessata la persecuzione (primavera 251) molti cristiani, che hanno ceduto per paura, vorrebbero tornare nella Chiesa. Ma quelli che non hanno ceduto si dividono tra indulgenti e rigoristi. Cipriano \u00e8 pi\u00f9 vicino ai primi, e con altri vescovi d\u2019Africa indica una via pi\u00f9 moderata, inimicandosi i fautori dell\u2019epurazione severa. A questo punto le sue vicende s\u2019intrecciano con quelle di Cornelio, un presbitero romano d\u2019origine patrizia. Eletto papa a 14 mesi dal martirio di Fabiano, si trova di fronte a uno scisma provocato dal dotto e dinamico prete Novaziano, che ha retto la Chiesa romana in tempo di sede vacante. Novaziano accusa di debolezza Cornelio (che \u00e8 sulla linea di Cipriano) e d\u00e0 vita a una comunit\u00e0 dissidente che durer\u00e0 fino al V secolo.<\/div>\n<div>Da Cartagine, Cipriano affianca Cornelio e si batte contro Novaziano, affermando l\u2019unit\u00e0 della Chiesa universale. Non \u00e8 solo sintonia personale con papa Cornelio: Cipriano parte dall\u2019unit\u00e0 dei cristiani innanzitutto con i rispettivi vescovi, e poi dei vescovi con Roma quale sede principalis, fondata su Pietro capo degli Apostoli. Ucciso in guerra l\u2019imperatore Decio, il suo successore Treboniano Gallo \u00e8 spinto a perseguitare i cristiani perch\u00e9 c\u2019\u00e8 la peste, e la \u201cvoce del popolo\u201d ne accusa i cristiani, additati come \u201cuntori\u201d in qualunque calamit\u00e0. Si arresta anche papa Cornelio, che muore in esilio nel 253 a Centumcellae (antico nome di Civitavecchia). E viene definito \u201cmartire\u201d da Cipriano, che appoggia il suo successore Lucio I contro lo scisma di Novaziano. Lucio muore per\u00f2 dopo un anno (254). Gli succede Stefano I, e durante il suo pontificato c\u2019\u00e8 uno strappo con Cartagine, per il battesimo amministrato da eretici e scismatici, che \u00e8 valido per Stefano e nullo per Cipriano.<\/div>\n<div>Questi poi accusa Stefano di considerare ingiustamente il primato di Pietro come un diritto all\u2019ingerenza continua nella vita delle singole Chiese. Il dissidio si estende pericolosamente, ma nell\u2019agosto 257 papa Stefano muore, e intanto l\u2019imperatore Valeriano ordina un\u2019altra persecuzione. Cipriano viene mandato in esilio, dove apprende che il nuovo papa Sisto II \u00e8 morto martire a Roma, col diacono Lorenzo. Liberato, pu\u00f2 far ritorno a Cartagine; ma nel settembre 258 lo arrestano di nuovo, e il giorno 14 muore decapitato. In questo stesso giorno Cornelio e Cipriano sono ricordati per sempre insieme dalla Chiesa.<\/div>\n<p>&nbsp;<\/p>\n<p><strong>Reliquie dei SS. Cipriano ed Eustachio<\/strong><\/p>\n<p>7 settembre 2018<\/p>\n<p>Nel libro\u00a0<em>Vita ed opere di S. Cipriano V. M. patrono di S. Cipriano Picentino nel 17\u00b0 centenario del suo glorioso Martirio<\/em>, mons. Oreste Noschese conclude la sua breve ma intensa storia del Martire Cartaginese con queste parole: \u00abVogliamo augurarci che sorga il giorno beato nel quale una reliquia del grande Patrono venga donata al nostro paese in pegno della protezione dell\u2019inclito Vescovo e Martire di Cartagine\u00bb.<\/p>\n<p>\u00c8 ancora impressa nel cuore e soprattutto nelle nostre menti il grande evento del 7 settembre 2018, quando le reliquie dei nostri Santi Patroni Cipriano ed Eustachio giunsero in elicottero al Parco Madonnella in San Cipriano Picentino: quel giorno beato \u00e8 finalmente sorto!<\/p>\n<p>Le reliquie di San Cipriano Vescovo e Martire, che si possono venerare nella Cappella della Chiesa Madre a lui dedicata, provengono dal Sacrario Apostolico in Roma. Il documento che ne certifica la provenienza e l\u2019autenticit\u00e0 \u00e8 a firma del Prefetto del Sacrario Fr. Giuseppe Bartolomeo Menocchio, dell\u2019Ordine Eremitano di S. Agostino, datato 16 luglio 1817. Originariamente la reliquia era collocata in una teca ovale, con altri 12 santi. Essa \u00e8 stata prelevata e confezionata in una nuova teca metallica dorata, inserita in un reliquiario argenteo creato\u00a0<em>ad hoc<\/em>\u00a0per l\u2019evento, certificata da mons. Luigi Moretti, Arcivescovo Primate e Metropolita di Salerno \u2013 Campagna \u2013 Acerno (Vol. I, n\u00b0 213\/2018). Le reliquie di S. Eustachio, anch\u2019esse provenienti da Roma, collocate in una identica teca metallica dorata, inserita in un reliquiario argenteo creato\u00a0<em>ad hoc<\/em>, \u00e8 certificata da mons. Luigi Moretti, Arcivescovo Primate e Metropolita di Salerno \u2013 Campagna \u2013 Acerno (Vol. I, n\u00b0 214\/2018).<\/p>\n<p>La presenza di due reliquie\u00a0<em>ex ossibus<\/em> dei nostri SS. Patroni richiama all\u2019intercessione e protezione che i due Santi hanno da sempre riservato al popolo di San Cipriano e Vignale. Il 26 luglio 1930 il parroco Don Vincenzo Della Monica indirizzava una lettera al Potest\u00e0 di San Cipriano, raccomandandogli \u2013 seppur con poco preavviso \u2013 di presenziare ad una processione di penitenza col S. Patrono, per ringraziarlo della celeste protezione dal terremoto riservata al paese; il 16 settembre 1943: \u00abi carri armati entrati in paese, quando tutti i fedeli si apprestavano ad onorare il Santo Patrono. Fu uno sgomento generale, ma nell\u2019animo era viva la speranza che proprio nel suo giorno natalizio ci avrebbe riconfermata la sua celestiale protezione\u00bb.[\/vc_column_text][\/vc_column][\/vc_row]<\/p>\n","protected":false},"excerpt":{"rendered":"<p>[vc_row][vc_column][vc_column_text] Etimologia:\u00a0Cipriano = nativo di Cipro, dal greco e latino Emblema:\u00a0Bastone pastorale, Palma Martirologio Romano:\u00a0Memoria dei santi martiri Cornelio, papa, e Cipriano, vescovo, dei quali il 14 settembre si ricordano la deposizione del primo e la passione del secondo, mentre oggi il mondo cristiano li loda con una sola voce come testimoni di amore per [&hellip;]<\/p>\n","protected":false},"author":1,"featured_media":0,"parent":0,"menu_order":0,"comment_status":"closed","ping_status":"closed","template":"","meta":{"om_disable_all_campaigns":false,"_mi_skip_tracking":false},"yoast_head":"<!-- This site is optimized with the Yoast SEO plugin v20.4 - https:\/\/yoast.com\/wordpress\/plugins\/seo\/ -->\n<title>Cipriano di Cartagine e le sue Reliquie - Parrocchia San Cipriano Picentino<\/title>\n<meta name=\"robots\" content=\"index, follow, max-snippet:-1, max-image-preview:large, max-video-preview:-1\" \/>\n<link rel=\"canonical\" href=\"https:\/\/parrocchiascp.it\/index.php\/cipriano-di-cartagine-e-le-sue-reliquie\/\" \/>\n<meta property=\"og:locale\" content=\"it_IT\" \/>\n<meta property=\"og:type\" content=\"article\" \/>\n<meta property=\"og:title\" content=\"Cipriano di Cartagine e le sue Reliquie - Parrocchia San Cipriano Picentino\" \/>\n<meta property=\"og:description\" content=\"[vc_row][vc_column][vc_column_text] Etimologia:\u00a0Cipriano = nativo di Cipro, dal greco e latino Emblema:\u00a0Bastone pastorale, Palma Martirologio Romano:\u00a0Memoria dei santi martiri Cornelio, papa, e Cipriano, vescovo, dei quali il 14 settembre si ricordano la deposizione del primo e la passione del secondo, mentre oggi il mondo cristiano li loda con una sola voce come testimoni di amore per [&hellip;]\" \/>\n<meta property=\"og:url\" content=\"https:\/\/parrocchiascp.it\/index.php\/cipriano-di-cartagine-e-le-sue-reliquie\/\" \/>\n<meta property=\"og:site_name\" content=\"Parrocchia San Cipriano Picentino\" \/>\n<meta property=\"article:modified_time\" content=\"2022-07-07T10:04:58+00:00\" \/>\n<meta property=\"og:image\" content=\"https:\/\/new.parrocchiascp.it\/wp-content\/uploads\/2022\/07\/cipriano-300x300-1-300x300.jpg\" \/>\n<meta name=\"twitter:card\" content=\"summary_large_image\" \/>\n<meta name=\"twitter:label1\" content=\"Tempo di lettura stimato\" \/>\n\t<meta name=\"twitter:data1\" content=\"6 minuti\" \/>\n<script type=\"application\/ld+json\" class=\"yoast-schema-graph\">{\"@context\":\"https:\/\/schema.org\",\"@graph\":[{\"@type\":\"WebPage\",\"@id\":\"https:\/\/parrocchiascp.it\/index.php\/cipriano-di-cartagine-e-le-sue-reliquie\/\",\"url\":\"https:\/\/parrocchiascp.it\/index.php\/cipriano-di-cartagine-e-le-sue-reliquie\/\",\"name\":\"Cipriano di Cartagine e le sue Reliquie - Parrocchia San Cipriano Picentino\",\"isPartOf\":{\"@id\":\"https:\/\/parrocchiascp.it\/#website\"},\"datePublished\":\"2022-07-07T10:03:56+00:00\",\"dateModified\":\"2022-07-07T10:04:58+00:00\",\"breadcrumb\":{\"@id\":\"https:\/\/parrocchiascp.it\/index.php\/cipriano-di-cartagine-e-le-sue-reliquie\/#breadcrumb\"},\"inLanguage\":\"it-IT\",\"potentialAction\":[{\"@type\":\"ReadAction\",\"target\":[\"https:\/\/parrocchiascp.it\/index.php\/cipriano-di-cartagine-e-le-sue-reliquie\/\"]}]},{\"@type\":\"BreadcrumbList\",\"@id\":\"https:\/\/parrocchiascp.it\/index.php\/cipriano-di-cartagine-e-le-sue-reliquie\/#breadcrumb\",\"itemListElement\":[{\"@type\":\"ListItem\",\"position\":1,\"name\":\"Home\",\"item\":\"https:\/\/parrocchiascp.it\/\"},{\"@type\":\"ListItem\",\"position\":2,\"name\":\"Cipriano di Cartagine e le sue Reliquie\"}]},{\"@type\":\"WebSite\",\"@id\":\"https:\/\/parrocchiascp.it\/#website\",\"url\":\"https:\/\/parrocchiascp.it\/\",\"name\":\"Parrocchia San Cipriano Picentino\",\"description\":\"Just another WordPress site\",\"potentialAction\":[{\"@type\":\"SearchAction\",\"target\":{\"@type\":\"EntryPoint\",\"urlTemplate\":\"https:\/\/parrocchiascp.it\/?s={search_term_string}\"},\"query-input\":\"required name=search_term_string\"}],\"inLanguage\":\"it-IT\"}]}<\/script>\n<!-- \/ Yoast SEO plugin. -->","yoast_head_json":{"title":"Cipriano di Cartagine e le sue Reliquie - Parrocchia San Cipriano Picentino","robots":{"index":"index","follow":"follow","max-snippet":"max-snippet:-1","max-image-preview":"max-image-preview:large","max-video-preview":"max-video-preview:-1"},"canonical":"https:\/\/parrocchiascp.it\/index.php\/cipriano-di-cartagine-e-le-sue-reliquie\/","og_locale":"it_IT","og_type":"article","og_title":"Cipriano di Cartagine e le sue Reliquie - Parrocchia San Cipriano Picentino","og_description":"[vc_row][vc_column][vc_column_text] Etimologia:\u00a0Cipriano = nativo di Cipro, dal greco e latino Emblema:\u00a0Bastone pastorale, Palma Martirologio Romano:\u00a0Memoria dei santi martiri Cornelio, papa, e Cipriano, vescovo, dei quali il 14 settembre si ricordano la deposizione del primo e la passione del secondo, mentre oggi il mondo cristiano li loda con una sola voce come testimoni di amore per [&hellip;]","og_url":"https:\/\/parrocchiascp.it\/index.php\/cipriano-di-cartagine-e-le-sue-reliquie\/","og_site_name":"Parrocchia San Cipriano Picentino","article_modified_time":"2022-07-07T10:04:58+00:00","og_image":[{"url":"https:\/\/new.parrocchiascp.it\/wp-content\/uploads\/2022\/07\/cipriano-300x300-1-300x300.jpg"}],"twitter_card":"summary_large_image","twitter_misc":{"Tempo di lettura stimato":"6 minuti"},"schema":{"@context":"https:\/\/schema.org","@graph":[{"@type":"WebPage","@id":"https:\/\/parrocchiascp.it\/index.php\/cipriano-di-cartagine-e-le-sue-reliquie\/","url":"https:\/\/parrocchiascp.it\/index.php\/cipriano-di-cartagine-e-le-sue-reliquie\/","name":"Cipriano di Cartagine e le sue Reliquie - Parrocchia San Cipriano Picentino","isPartOf":{"@id":"https:\/\/parrocchiascp.it\/#website"},"datePublished":"2022-07-07T10:03:56+00:00","dateModified":"2022-07-07T10:04:58+00:00","breadcrumb":{"@id":"https:\/\/parrocchiascp.it\/index.php\/cipriano-di-cartagine-e-le-sue-reliquie\/#breadcrumb"},"inLanguage":"it-IT","potentialAction":[{"@type":"ReadAction","target":["https:\/\/parrocchiascp.it\/index.php\/cipriano-di-cartagine-e-le-sue-reliquie\/"]}]},{"@type":"BreadcrumbList","@id":"https:\/\/parrocchiascp.it\/index.php\/cipriano-di-cartagine-e-le-sue-reliquie\/#breadcrumb","itemListElement":[{"@type":"ListItem","position":1,"name":"Home","item":"https:\/\/parrocchiascp.it\/"},{"@type":"ListItem","position":2,"name":"Cipriano di Cartagine e le sue Reliquie"}]},{"@type":"WebSite","@id":"https:\/\/parrocchiascp.it\/#website","url":"https:\/\/parrocchiascp.it\/","name":"Parrocchia San Cipriano Picentino","description":"Just another WordPress site","potentialAction":[{"@type":"SearchAction","target":{"@type":"EntryPoint","urlTemplate":"https:\/\/parrocchiascp.it\/?s={search_term_string}"},"query-input":"required name=search_term_string"}],"inLanguage":"it-IT"}]}},"_links":{"self":[{"href":"https:\/\/parrocchiascp.it\/index.php\/wp-json\/wp\/v2\/pages\/20551"}],"collection":[{"href":"https:\/\/parrocchiascp.it\/index.php\/wp-json\/wp\/v2\/pages"}],"about":[{"href":"https:\/\/parrocchiascp.it\/index.php\/wp-json\/wp\/v2\/types\/page"}],"author":[{"embeddable":true,"href":"https:\/\/parrocchiascp.it\/index.php\/wp-json\/wp\/v2\/users\/1"}],"replies":[{"embeddable":true,"href":"https:\/\/parrocchiascp.it\/index.php\/wp-json\/wp\/v2\/comments?post=20551"}],"version-history":[{"count":2,"href":"https:\/\/parrocchiascp.it\/index.php\/wp-json\/wp\/v2\/pages\/20551\/revisions"}],"predecessor-version":[{"id":20554,"href":"https:\/\/parrocchiascp.it\/index.php\/wp-json\/wp\/v2\/pages\/20551\/revisions\/20554"}],"wp:attachment":[{"href":"https:\/\/parrocchiascp.it\/index.php\/wp-json\/wp\/v2\/media?parent=20551"}],"curies":[{"name":"wp","href":"https:\/\/api.w.org\/{rel}","templated":true}]}}